{"id":378,"date":"2022-10-02T20:41:17","date_gmt":"2022-10-02T23:41:17","guid":{"rendered":"https:\/\/voizaura.com.br\/?post_type=product&#038;p=378"},"modified":"2022-10-24T10:05:03","modified_gmt":"2022-10-24T13:05:03","slug":"porchetta-com-chimichurri","status":"publish","type":"product","link":"https:\/\/voizaura.com.br\/?product=porchetta-com-chimichurri","title":{"rendered":"Porchetta Com  Chimichurri"},"content":{"rendered":"","protected":false},"excerpt":{"rendered":"<p>A Porchetta \u00e9 feita a barriga su\u00edna, ap\u00f3s o<br \/>\nanimal desossado \u00e9 enrolada como uma manta.<br \/>\nUm fio de barbante ao redor mantem o<br \/>\nformato para que n\u00e3o desmonte ao assar e a<br \/>\npele \u00e9 mantida para que o corte fique crocante e<br \/>\npururucado. A nossa ainda vem temperada com<br \/>\nChimichurri para dar um sabor ainda mais<br \/>\nincr\u00edvel e inesquec\u00edvel.<\/p>\n","protected":false},"featured_media":379,"comment_status":"open","ping_status":"closed","template":"","meta":[],"product_cat":[27],"product_tag":[28],"class_list":{"0":"post-378","1":"product","2":"type-product","3":"status-publish","4":"has-post-thumbnail","6":"product_cat-linha-temperados","7":"product_tag-temperado","9":"first","10":"instock","11":"shipping-taxable","12":"product-type-simple"},"_links":{"self":[{"href":"https:\/\/voizaura.com.br\/index.php?rest_route=\/wp\/v2\/product\/378","targetHints":{"allow":["GET"]}}],"collection":[{"href":"https:\/\/voizaura.com.br\/index.php?rest_route=\/wp\/v2\/product"}],"about":[{"href":"https:\/\/voizaura.com.br\/index.php?rest_route=\/wp\/v2\/types\/product"}],"replies":[{"embeddable":true,"href":"https:\/\/voizaura.com.br\/index.php?rest_route=%2Fwp%2Fv2%2Fcomments&post=378"}],"wp:featuredmedia":[{"embeddable":true,"href":"https:\/\/voizaura.com.br\/index.php?rest_route=\/wp\/v2\/media\/379"}],"wp:attachment":[{"href":"https:\/\/voizaura.com.br\/index.php?rest_route=%2Fwp%2Fv2%2Fmedia&parent=378"}],"wp:term":[{"taxonomy":"product_cat","embeddable":true,"href":"https:\/\/voizaura.com.br\/index.php?rest_route=%2Fwp%2Fv2%2Fproduct_cat&post=378"},{"taxonomy":"product_tag","embeddable":true,"href":"https:\/\/voizaura.com.br\/index.php?rest_route=%2Fwp%2Fv2%2Fproduct_tag&post=378"}],"curies":[{"name":"wp","href":"https:\/\/api.w.org\/{rel}","templated":true}]}}