{"id":371,"date":"2022-10-02T20:33:34","date_gmt":"2022-10-02T23:33:34","guid":{"rendered":"https:\/\/voizaura.com.br\/?post_type=product&#038;p=371"},"modified":"2022-10-24T10:37:33","modified_gmt":"2022-10-24T13:37:33","slug":"coxinha-da-asa-temperada-c-especiarias-copia","status":"publish","type":"product","link":"https:\/\/voizaura.com.br\/?product=coxinha-da-asa-temperada-c-especiarias-copia","title":{"rendered":"Meio da asa temperada  c\/ especiarias (Tulipinha)"},"content":{"rendered":"","protected":false},"excerpt":{"rendered":"<p>Tamb\u00e9m conhecido como Tulipa, o meio da<br \/>\nasa fica entre a coxinha e a ponta. \u00c9 uma pe\u00e7a<br \/>\npequena, de carne bem macia e saborosa e j\u00e1<br \/>\nest\u00e1 temperada com especiarias para mais praticidade, al\u00e9m de ser congelado em por\u00e7\u00f5es<br \/>\nideais para seu preparo. Mais conhecido como<br \/>\nPicanha do frango.<\/p>\n","protected":false},"featured_media":372,"comment_status":"open","ping_status":"closed","template":"","meta":[],"product_cat":[27],"product_tag":[28],"class_list":{"0":"post-371","1":"product","2":"type-product","3":"status-publish","4":"has-post-thumbnail","6":"product_cat-linha-temperados","7":"product_tag-temperado","9":"first","10":"instock","11":"shipping-taxable","12":"product-type-simple"},"_links":{"self":[{"href":"https:\/\/voizaura.com.br\/index.php?rest_route=\/wp\/v2\/product\/371","targetHints":{"allow":["GET"]}}],"collection":[{"href":"https:\/\/voizaura.com.br\/index.php?rest_route=\/wp\/v2\/product"}],"about":[{"href":"https:\/\/voizaura.com.br\/index.php?rest_route=\/wp\/v2\/types\/product"}],"replies":[{"embeddable":true,"href":"https:\/\/voizaura.com.br\/index.php?rest_route=%2Fwp%2Fv2%2Fcomments&post=371"}],"wp:featuredmedia":[{"embeddable":true,"href":"https:\/\/voizaura.com.br\/index.php?rest_route=\/wp\/v2\/media\/372"}],"wp:attachment":[{"href":"https:\/\/voizaura.com.br\/index.php?rest_route=%2Fwp%2Fv2%2Fmedia&parent=371"}],"wp:term":[{"taxonomy":"product_cat","embeddable":true,"href":"https:\/\/voizaura.com.br\/index.php?rest_route=%2Fwp%2Fv2%2Fproduct_cat&post=371"},{"taxonomy":"product_tag","embeddable":true,"href":"https:\/\/voizaura.com.br\/index.php?rest_route=%2Fwp%2Fv2%2Fproduct_tag&post=371"}],"curies":[{"name":"wp","href":"https:\/\/api.w.org\/{rel}","templated":true}]}}