{"id":365,"date":"2022-10-02T20:29:35","date_gmt":"2022-10-02T23:29:35","guid":{"rendered":"https:\/\/voizaura.com.br\/?post_type=product&#038;p=365"},"modified":"2022-10-24T10:38:02","modified_gmt":"2022-10-24T13:38:02","slug":"fraldao-tipo-uruguaio","status":"publish","type":"product","link":"https:\/\/voizaura.com.br\/?product=fraldao-tipo-uruguaio","title":{"rendered":"Frald\u00e3o tipo Uruguaio"},"content":{"rendered":"","protected":false},"excerpt":{"rendered":"<p>Na ra\u00e7a bovina essa \u00e9 uma das carnes<br \/>\nmais saborosas que existe. Por ser uma<br \/>\nparte de pouca movimenta\u00e7\u00e3o e atrito<br \/>\nmuscular, \u00e9 muito macia e f\u00e1cil de se<br \/>\npreparar. Um dos nossos produtos<br \/>\ncampe\u00f5es que recusa imita\u00e7\u00f5es.<\/p>\n","protected":false},"featured_media":366,"comment_status":"open","ping_status":"closed","template":"","meta":[],"product_cat":[27],"product_tag":[28],"class_list":{"0":"post-365","1":"product","2":"type-product","3":"status-publish","4":"has-post-thumbnail","6":"product_cat-linha-temperados","7":"product_tag-temperado","9":"first","10":"instock","11":"shipping-taxable","12":"product-type-simple"},"_links":{"self":[{"href":"https:\/\/voizaura.com.br\/index.php?rest_route=\/wp\/v2\/product\/365","targetHints":{"allow":["GET"]}}],"collection":[{"href":"https:\/\/voizaura.com.br\/index.php?rest_route=\/wp\/v2\/product"}],"about":[{"href":"https:\/\/voizaura.com.br\/index.php?rest_route=\/wp\/v2\/types\/product"}],"replies":[{"embeddable":true,"href":"https:\/\/voizaura.com.br\/index.php?rest_route=%2Fwp%2Fv2%2Fcomments&post=365"}],"wp:featuredmedia":[{"embeddable":true,"href":"https:\/\/voizaura.com.br\/index.php?rest_route=\/wp\/v2\/media\/366"}],"wp:attachment":[{"href":"https:\/\/voizaura.com.br\/index.php?rest_route=%2Fwp%2Fv2%2Fmedia&parent=365"}],"wp:term":[{"taxonomy":"product_cat","embeddable":true,"href":"https:\/\/voizaura.com.br\/index.php?rest_route=%2Fwp%2Fv2%2Fproduct_cat&post=365"},{"taxonomy":"product_tag","embeddable":true,"href":"https:\/\/voizaura.com.br\/index.php?rest_route=%2Fwp%2Fv2%2Fproduct_tag&post=365"}],"curies":[{"name":"wp","href":"https:\/\/api.w.org\/{rel}","templated":true}]}}