{"id":359,"date":"2022-10-02T20:24:21","date_gmt":"2022-10-02T23:24:21","guid":{"rendered":"https:\/\/voizaura.com.br\/?post_type=product&#038;p=359"},"modified":"2022-10-24T12:17:45","modified_gmt":"2022-10-24T15:17:45","slug":"linguica-alho-poro-frango","status":"publish","type":"product","link":"https:\/\/voizaura.com.br\/?product=linguica-alho-poro-frango","title":{"rendered":"Lingui\u00e7a de fil\u00e9 de peito de frango com alho por\u00f3"},"content":{"rendered":"","protected":false},"excerpt":{"rendered":"<p>Lingui\u00e7a de Alho Por\u00f3 produzida 100%<br \/>\ncom Fil\u00e9 de frango natural, temperada<br \/>\ncom especiarias naturais e recheada com<br \/>\npeda\u00e7os de alho por\u00f3 para dar sabor e<br \/>\nsucul\u00eancia. \u00d3tima op\u00e7\u00e3o para um<br \/>\nalimento saud\u00e1vel e leve.<\/p>\n<p>Ingredientes: Carne de frango &#8211; Carne de frango &#8211; Fil\u00e9 de peito, \u00e1gua<br \/>\n(18,49%), carne su\u00edna -toucinho, alho poro in natura,<br \/>\ntempero (sal refinado, alho in natura, cebola in natura,<br \/>\ngengibre in natura, a\u00e7\u00facar, salsinha in natura, cebolinha<br \/>\nin natura e coentro).<\/p>\n","protected":false},"featured_media":360,"comment_status":"open","ping_status":"closed","template":"","meta":[],"product_cat":[26],"product_tag":[25],"class_list":{"0":"post-359","1":"product","2":"type-product","3":"status-publish","4":"has-post-thumbnail","6":"product_cat-file-de-peito-de-frango","7":"product_tag-linguica","9":"first","10":"instock","11":"shipping-taxable","12":"product-type-simple"},"_links":{"self":[{"href":"https:\/\/voizaura.com.br\/index.php?rest_route=\/wp\/v2\/product\/359","targetHints":{"allow":["GET"]}}],"collection":[{"href":"https:\/\/voizaura.com.br\/index.php?rest_route=\/wp\/v2\/product"}],"about":[{"href":"https:\/\/voizaura.com.br\/index.php?rest_route=\/wp\/v2\/types\/product"}],"replies":[{"embeddable":true,"href":"https:\/\/voizaura.com.br\/index.php?rest_route=%2Fwp%2Fv2%2Fcomments&post=359"}],"wp:featuredmedia":[{"embeddable":true,"href":"https:\/\/voizaura.com.br\/index.php?rest_route=\/wp\/v2\/media\/360"}],"wp:attachment":[{"href":"https:\/\/voizaura.com.br\/index.php?rest_route=%2Fwp%2Fv2%2Fmedia&parent=359"}],"wp:term":[{"taxonomy":"product_cat","embeddable":true,"href":"https:\/\/voizaura.com.br\/index.php?rest_route=%2Fwp%2Fv2%2Fproduct_cat&post=359"},{"taxonomy":"product_tag","embeddable":true,"href":"https:\/\/voizaura.com.br\/index.php?rest_route=%2Fwp%2Fv2%2Fproduct_tag&post=359"}],"curies":[{"name":"wp","href":"https:\/\/api.w.org\/{rel}","templated":true}]}}