{"id":357,"date":"2022-10-02T20:22:28","date_gmt":"2022-10-02T23:22:28","guid":{"rendered":"https:\/\/voizaura.com.br\/?post_type=product&#038;p=357"},"modified":"2022-10-27T09:49:52","modified_gmt":"2022-10-27T12:49:52","slug":"linguica-natural-peito-de-frango","status":"publish","type":"product","link":"https:\/\/voizaura.com.br\/?product=linguica-natural-peito-de-frango","title":{"rendered":"Lingui\u00e7a de file de peito de frango"},"content":{"rendered":"","protected":false},"excerpt":{"rendered":"<p>Lingui\u00e7a de fil\u00e9 de peito de frango 100%<br \/>\nnatural, produzida com cortes selecionados,<br \/>\ngerando uma textura macia e um sabor suculento. S\u00f3 quem j\u00e1 comeu sabe a sensa\u00e7\u00e3o.<\/p>\n<p>Ingredientes: Carne de frango &#8211; Fil\u00e9 de peito, \u00e1gua (19,41%), carne<br \/>\nsu\u00edna -toucinho, tempero (sal refinado, alho in natura,<br \/>\ncebola in natura, gengibre in natura, a\u00e7\u00facar, salsinha in<br \/>\nnatura, cebolinha in natura e coentro).<\/p>\n","protected":false},"featured_media":565,"comment_status":"open","ping_status":"closed","template":"","meta":[],"product_cat":[26],"product_tag":[25],"class_list":{"0":"post-357","1":"product","2":"type-product","3":"status-publish","4":"has-post-thumbnail","6":"product_cat-file-de-peito-de-frango","7":"product_tag-linguica","9":"first","10":"instock","11":"shipping-taxable","12":"product-type-simple"},"_links":{"self":[{"href":"https:\/\/voizaura.com.br\/index.php?rest_route=\/wp\/v2\/product\/357","targetHints":{"allow":["GET"]}}],"collection":[{"href":"https:\/\/voizaura.com.br\/index.php?rest_route=\/wp\/v2\/product"}],"about":[{"href":"https:\/\/voizaura.com.br\/index.php?rest_route=\/wp\/v2\/types\/product"}],"replies":[{"embeddable":true,"href":"https:\/\/voizaura.com.br\/index.php?rest_route=%2Fwp%2Fv2%2Fcomments&post=357"}],"wp:featuredmedia":[{"embeddable":true,"href":"https:\/\/voizaura.com.br\/index.php?rest_route=\/wp\/v2\/media\/565"}],"wp:attachment":[{"href":"https:\/\/voizaura.com.br\/index.php?rest_route=%2Fwp%2Fv2%2Fmedia&parent=357"}],"wp:term":[{"taxonomy":"product_cat","embeddable":true,"href":"https:\/\/voizaura.com.br\/index.php?rest_route=%2Fwp%2Fv2%2Fproduct_cat&post=357"},{"taxonomy":"product_tag","embeddable":true,"href":"https:\/\/voizaura.com.br\/index.php?rest_route=%2Fwp%2Fv2%2Fproduct_tag&post=357"}],"curies":[{"name":"wp","href":"https:\/\/api.w.org\/{rel}","templated":true}]}}