{"id":353,"date":"2022-10-02T20:18:58","date_gmt":"2022-10-02T23:18:58","guid":{"rendered":"https:\/\/voizaura.com.br\/?post_type=product&#038;p=353"},"modified":"2022-10-24T11:56:43","modified_gmt":"2022-10-24T14:56:43","slug":"linguica-queijo","status":"publish","type":"product","link":"https:\/\/voizaura.com.br\/?product=linguica-queijo","title":{"rendered":"Lingui\u00e7a de fil\u00e9 mignon suino com queijo"},"content":{"rendered":"","protected":false},"excerpt":{"rendered":"<p>A mais vendida, produzida 100% com<br \/>\nfil\u00e9 mignon su\u00edno, envolvida, temperada<br \/>\ncom especiarias naturais e recheada com<br \/>\npeda\u00e7os de queijo para dar sabor e<br \/>\nsucul\u00eancia. \u00d3tima op\u00e7\u00e3o para o seu<br \/>\nchurrasco.<\/p>\n<p>Ingredientes: Carne su\u00edna &#8211; fil\u00e9 mignon, \u00e1gua (18,09%),<br \/>\ncarne su\u00edna &#8211; toucinho, queijo, tempero (sal refinado,<br \/>\nalho in natura, cebola in natura, gengibre in natura,<br \/>\na\u00e7\u00facar, salsinha in natura, cebolinha in natura e coentro).<\/p>\n","protected":false},"featured_media":354,"comment_status":"open","ping_status":"closed","template":"","meta":[],"product_cat":[24],"product_tag":[25],"class_list":{"0":"post-353","1":"product","2":"type-product","3":"status-publish","4":"has-post-thumbnail","6":"product_cat-linguica-suina","7":"product_tag-linguica","9":"first","10":"instock","11":"shipping-taxable","12":"product-type-simple"},"_links":{"self":[{"href":"https:\/\/voizaura.com.br\/index.php?rest_route=\/wp\/v2\/product\/353","targetHints":{"allow":["GET"]}}],"collection":[{"href":"https:\/\/voizaura.com.br\/index.php?rest_route=\/wp\/v2\/product"}],"about":[{"href":"https:\/\/voizaura.com.br\/index.php?rest_route=\/wp\/v2\/types\/product"}],"replies":[{"embeddable":true,"href":"https:\/\/voizaura.com.br\/index.php?rest_route=%2Fwp%2Fv2%2Fcomments&post=353"}],"wp:featuredmedia":[{"embeddable":true,"href":"https:\/\/voizaura.com.br\/index.php?rest_route=\/wp\/v2\/media\/354"}],"wp:attachment":[{"href":"https:\/\/voizaura.com.br\/index.php?rest_route=%2Fwp%2Fv2%2Fmedia&parent=353"}],"wp:term":[{"taxonomy":"product_cat","embeddable":true,"href":"https:\/\/voizaura.com.br\/index.php?rest_route=%2Fwp%2Fv2%2Fproduct_cat&post=353"},{"taxonomy":"product_tag","embeddable":true,"href":"https:\/\/voizaura.com.br\/index.php?rest_route=%2Fwp%2Fv2%2Fproduct_tag&post=353"}],"curies":[{"name":"wp","href":"https:\/\/api.w.org\/{rel}","templated":true}]}}