{"id":351,"date":"2022-10-02T20:17:14","date_gmt":"2022-10-02T23:17:14","guid":{"rendered":"https:\/\/voizaura.com.br\/?post_type=product&#038;p=351"},"modified":"2022-10-24T11:57:06","modified_gmt":"2022-10-24T14:57:06","slug":"linguica-manjericao","status":"publish","type":"product","link":"https:\/\/voizaura.com.br\/?product=linguica-manjericao","title":{"rendered":"Lingui\u00e7a de fil\u00e9 mignon suino com manjeric\u00e3o"},"content":{"rendered":"","protected":false},"excerpt":{"rendered":"<p>Uma erva pertencente \u00e0 fam\u00edlia da<br \/>\nhortel\u00e3, nativo da \u00cdndia e cultivado<br \/>\ndesde antigamente, suas folhas s\u00e3o<br \/>\nutilizadas como tempero para aumentar<br \/>\no sabor e dar um toque de quero<br \/>\nmais em suas receitas.<\/p>\n<p>Ingredientes: Carne su\u00edna &#8211; fil\u00e9 mignon, \u00e1gua (19,10%),<br \/>\ncarne su\u00edna &#8211; toucinho, tempero (sal refinado, alho in<br \/>\nnatura, cebola in natura, gengibre in natura, a\u00e7\u00facar,<br \/>\nsalsinha in natura, cebolinha in natura e coentro),<br \/>\nmanjeric\u00e3o.<\/p>\n","protected":false},"featured_media":352,"comment_status":"open","ping_status":"closed","template":"","meta":[],"product_cat":[24],"product_tag":[25],"class_list":{"0":"post-351","1":"product","2":"type-product","3":"status-publish","4":"has-post-thumbnail","6":"product_cat-linguica-suina","7":"product_tag-linguica","9":"first","10":"instock","11":"shipping-taxable","12":"product-type-simple"},"_links":{"self":[{"href":"https:\/\/voizaura.com.br\/index.php?rest_route=\/wp\/v2\/product\/351","targetHints":{"allow":["GET"]}}],"collection":[{"href":"https:\/\/voizaura.com.br\/index.php?rest_route=\/wp\/v2\/product"}],"about":[{"href":"https:\/\/voizaura.com.br\/index.php?rest_route=\/wp\/v2\/types\/product"}],"replies":[{"embeddable":true,"href":"https:\/\/voizaura.com.br\/index.php?rest_route=%2Fwp%2Fv2%2Fcomments&post=351"}],"wp:featuredmedia":[{"embeddable":true,"href":"https:\/\/voizaura.com.br\/index.php?rest_route=\/wp\/v2\/media\/352"}],"wp:attachment":[{"href":"https:\/\/voizaura.com.br\/index.php?rest_route=%2Fwp%2Fv2%2Fmedia&parent=351"}],"wp:term":[{"taxonomy":"product_cat","embeddable":true,"href":"https:\/\/voizaura.com.br\/index.php?rest_route=%2Fwp%2Fv2%2Fproduct_cat&post=351"},{"taxonomy":"product_tag","embeddable":true,"href":"https:\/\/voizaura.com.br\/index.php?rest_route=%2Fwp%2Fv2%2Fproduct_tag&post=351"}],"curies":[{"name":"wp","href":"https:\/\/api.w.org\/{rel}","templated":true}]}}