{"id":349,"date":"2022-10-02T20:15:26","date_gmt":"2022-10-02T23:15:26","guid":{"rendered":"https:\/\/voizaura.com.br\/?post_type=product&#038;p=349"},"modified":"2022-10-24T11:59:46","modified_gmt":"2022-10-24T14:59:46","slug":"linguica-pimenta-malagueta","status":"publish","type":"product","link":"https:\/\/voizaura.com.br\/?product=linguica-pimenta-malagueta","title":{"rendered":"Lingui\u00e7a de fil\u00e9 mignon su\u00edno com pimenta malagueta"},"content":{"rendered":"","protected":false},"excerpt":{"rendered":"<p>A lingui\u00e7a mais Picante da nossa linha,<br \/>\nelaborada com fil\u00e9 mignon su\u00edno<br \/>\nselecionado, tempero natural e pimenta<br \/>\nmalagueta, que acentua mais o sabor da<br \/>\ncarne.<\/p>\n<p>Ingredientes: Carne su\u00edna &#8211; fil\u00e9 mignon, \u00e1gua (18,91%),<br \/>\ncarne su\u00edna &#8211; toucinho, tempero (sal refinado, alho in<br \/>\nnatura, cebola in natura, gengibre in natura, a\u00e7\u00facar,<br \/>\nsalsinha in natura, cebolinha in natura e coentro),<br \/>\npimenta malagueta macerada.<\/p>\n","protected":false},"featured_media":350,"comment_status":"open","ping_status":"closed","template":"","meta":[],"product_cat":[24],"product_tag":[25],"class_list":{"0":"post-349","1":"product","2":"type-product","3":"status-publish","4":"has-post-thumbnail","6":"product_cat-linguica-suina","7":"product_tag-linguica","9":"first","10":"instock","11":"shipping-taxable","12":"product-type-simple"},"_links":{"self":[{"href":"https:\/\/voizaura.com.br\/index.php?rest_route=\/wp\/v2\/product\/349","targetHints":{"allow":["GET"]}}],"collection":[{"href":"https:\/\/voizaura.com.br\/index.php?rest_route=\/wp\/v2\/product"}],"about":[{"href":"https:\/\/voizaura.com.br\/index.php?rest_route=\/wp\/v2\/types\/product"}],"replies":[{"embeddable":true,"href":"https:\/\/voizaura.com.br\/index.php?rest_route=%2Fwp%2Fv2%2Fcomments&post=349"}],"wp:featuredmedia":[{"embeddable":true,"href":"https:\/\/voizaura.com.br\/index.php?rest_route=\/wp\/v2\/media\/350"}],"wp:attachment":[{"href":"https:\/\/voizaura.com.br\/index.php?rest_route=%2Fwp%2Fv2%2Fmedia&parent=349"}],"wp:term":[{"taxonomy":"product_cat","embeddable":true,"href":"https:\/\/voizaura.com.br\/index.php?rest_route=%2Fwp%2Fv2%2Fproduct_cat&post=349"},{"taxonomy":"product_tag","embeddable":true,"href":"https:\/\/voizaura.com.br\/index.php?rest_route=%2Fwp%2Fv2%2Fproduct_tag&post=349"}],"curies":[{"name":"wp","href":"https:\/\/api.w.org\/{rel}","templated":true}]}}