{"id":347,"date":"2022-10-02T20:13:58","date_gmt":"2022-10-02T23:13:58","guid":{"rendered":"https:\/\/voizaura.com.br\/?post_type=product&#038;p=347"},"modified":"2022-10-24T11:58:47","modified_gmt":"2022-10-24T14:58:47","slug":"linguica-jilo","status":"publish","type":"product","link":"https:\/\/voizaura.com.br\/?product=linguica-jilo","title":{"rendered":"Lingui\u00e7a de fil\u00e9 mignon su\u00edno com jil\u00f3"},"content":{"rendered":"","protected":false},"excerpt":{"rendered":"<p>Tradicional receita mineira de lingui\u00e7a<br \/>\nartesanal com jil\u00f3, a queridinha dos<br \/>\nmineiros para surpreender o Brasil.<\/p>\n<p>Ingredientes: Carne su\u00edna &#8211; fil\u00e9 mignon, \u00e1gua (16,64%),<br \/>\ncarne su\u00edna \u2013 toucinho ,jil\u00f3, tempero (sal refinado, alho<br \/>\nin natura, cebola in natura, gengibre in natura, a\u00e7\u00facar,<br \/>\nsalsinha in natura, cebolinha in natura e coentro).<\/p>\n","protected":false},"featured_media":348,"comment_status":"open","ping_status":"closed","template":"","meta":[],"product_cat":[24],"product_tag":[25],"class_list":{"0":"post-347","1":"product","2":"type-product","3":"status-publish","4":"has-post-thumbnail","6":"product_cat-linguica-suina","7":"product_tag-linguica","9":"first","10":"instock","11":"shipping-taxable","12":"product-type-simple"},"_links":{"self":[{"href":"https:\/\/voizaura.com.br\/index.php?rest_route=\/wp\/v2\/product\/347","targetHints":{"allow":["GET"]}}],"collection":[{"href":"https:\/\/voizaura.com.br\/index.php?rest_route=\/wp\/v2\/product"}],"about":[{"href":"https:\/\/voizaura.com.br\/index.php?rest_route=\/wp\/v2\/types\/product"}],"replies":[{"embeddable":true,"href":"https:\/\/voizaura.com.br\/index.php?rest_route=%2Fwp%2Fv2%2Fcomments&post=347"}],"wp:featuredmedia":[{"embeddable":true,"href":"https:\/\/voizaura.com.br\/index.php?rest_route=\/wp\/v2\/media\/348"}],"wp:attachment":[{"href":"https:\/\/voizaura.com.br\/index.php?rest_route=%2Fwp%2Fv2%2Fmedia&parent=347"}],"wp:term":[{"taxonomy":"product_cat","embeddable":true,"href":"https:\/\/voizaura.com.br\/index.php?rest_route=%2Fwp%2Fv2%2Fproduct_cat&post=347"},{"taxonomy":"product_tag","embeddable":true,"href":"https:\/\/voizaura.com.br\/index.php?rest_route=%2Fwp%2Fv2%2Fproduct_tag&post=347"}],"curies":[{"name":"wp","href":"https:\/\/api.w.org\/{rel}","templated":true}]}}