{"id":345,"date":"2022-10-02T20:07:43","date_gmt":"2022-10-02T23:07:43","guid":{"rendered":"https:\/\/voizaura.com.br\/?post_type=product&#038;p=345"},"modified":"2022-10-24T11:58:30","modified_gmt":"2022-10-24T14:58:30","slug":"linguica-chimichurri","status":"publish","type":"product","link":"https:\/\/voizaura.com.br\/?product=linguica-chimichurri","title":{"rendered":"Lingui\u00e7a de fil\u00e9 mignon suino com chimichurri"},"content":{"rendered":"","protected":false},"excerpt":{"rendered":"<p>Perfeita para levar em um churrasco,<br \/>\ntemperada com um molho argentino de<br \/>\nervas finas e alho desidratado, muito<br \/>\nquerido e apreciado nos churrascos<br \/>\nargentinos e uruguaios.<\/p>\n<p>Ingredientes: Carne su\u00edna &#8211; fil\u00e9 mignon, \u00e1gua (19,32%),<br \/>\ncarne su\u00edna &#8211; toucinho, tempero (sal refinado, alho in<br \/>\nnatura, cebola in natura, gengibre in natura, a\u00e7\u00facar,<br \/>\nsalsinha in natura, cebolinha in natura e coentro),<br \/>\nchimichurri.<\/p>\n","protected":false},"featured_media":346,"comment_status":"open","ping_status":"closed","template":"","meta":[],"product_cat":[24],"product_tag":[25],"class_list":{"0":"post-345","1":"product","2":"type-product","3":"status-publish","4":"has-post-thumbnail","6":"product_cat-linguica-suina","7":"product_tag-linguica","9":"first","10":"instock","11":"shipping-taxable","12":"product-type-simple"},"_links":{"self":[{"href":"https:\/\/voizaura.com.br\/index.php?rest_route=\/wp\/v2\/product\/345","targetHints":{"allow":["GET"]}}],"collection":[{"href":"https:\/\/voizaura.com.br\/index.php?rest_route=\/wp\/v2\/product"}],"about":[{"href":"https:\/\/voizaura.com.br\/index.php?rest_route=\/wp\/v2\/types\/product"}],"replies":[{"embeddable":true,"href":"https:\/\/voizaura.com.br\/index.php?rest_route=%2Fwp%2Fv2%2Fcomments&post=345"}],"wp:featuredmedia":[{"embeddable":true,"href":"https:\/\/voizaura.com.br\/index.php?rest_route=\/wp\/v2\/media\/346"}],"wp:attachment":[{"href":"https:\/\/voizaura.com.br\/index.php?rest_route=%2Fwp%2Fv2%2Fmedia&parent=345"}],"wp:term":[{"taxonomy":"product_cat","embeddable":true,"href":"https:\/\/voizaura.com.br\/index.php?rest_route=%2Fwp%2Fv2%2Fproduct_cat&post=345"},{"taxonomy":"product_tag","embeddable":true,"href":"https:\/\/voizaura.com.br\/index.php?rest_route=%2Fwp%2Fv2%2Fproduct_tag&post=345"}],"curies":[{"name":"wp","href":"https:\/\/api.w.org\/{rel}","templated":true}]}}