{"id":343,"date":"2022-10-02T20:04:32","date_gmt":"2022-10-02T23:04:32","guid":{"rendered":"https:\/\/voizaura.com.br\/?post_type=product&#038;p=343"},"modified":"2022-10-24T11:58:14","modified_gmt":"2022-10-24T14:58:14","slug":"linguica-pimenta-biquinho","status":"publish","type":"product","link":"https:\/\/voizaura.com.br\/?product=linguica-pimenta-biquinho","title":{"rendered":"Lingui\u00e7a de fil\u00e9 mignon suino com pimenta biquinho"},"content":{"rendered":"","protected":false},"excerpt":{"rendered":"<p>Favorecendo a sensa\u00e7\u00e3o de prazer do<br \/>\nsabor inigual\u00e1vel da Pimenta biquinho<br \/>\nfresca, misturada em peda\u00e7os junto a<br \/>\nlingui\u00e7a.<\/p>\n<p>Ingredientes: Carne su\u00edna &#8211; fil\u00e9 mignon, \u00e1gua (18,49%),<br \/>\ncarne su\u00edna &#8211; toucinho, pimenta biquinho macerada,<br \/>\ntempero (sal refinado, alho in natura, cebola in natura,<br \/>\ngengibre in natura, a\u00e7\u00facar, salsinha in natura, cebolinha<br \/>\nin natura e coentro).<\/p>\n","protected":false},"featured_media":344,"comment_status":"open","ping_status":"closed","template":"","meta":[],"product_cat":[24],"product_tag":[25],"class_list":{"0":"post-343","1":"product","2":"type-product","3":"status-publish","4":"has-post-thumbnail","6":"product_cat-linguica-suina","7":"product_tag-linguica","9":"first","10":"instock","11":"shipping-taxable","12":"product-type-simple"},"_links":{"self":[{"href":"https:\/\/voizaura.com.br\/index.php?rest_route=\/wp\/v2\/product\/343","targetHints":{"allow":["GET"]}}],"collection":[{"href":"https:\/\/voizaura.com.br\/index.php?rest_route=\/wp\/v2\/product"}],"about":[{"href":"https:\/\/voizaura.com.br\/index.php?rest_route=\/wp\/v2\/types\/product"}],"replies":[{"embeddable":true,"href":"https:\/\/voizaura.com.br\/index.php?rest_route=%2Fwp%2Fv2%2Fcomments&post=343"}],"wp:featuredmedia":[{"embeddable":true,"href":"https:\/\/voizaura.com.br\/index.php?rest_route=\/wp\/v2\/media\/344"}],"wp:attachment":[{"href":"https:\/\/voizaura.com.br\/index.php?rest_route=%2Fwp%2Fv2%2Fmedia&parent=343"}],"wp:term":[{"taxonomy":"product_cat","embeddable":true,"href":"https:\/\/voizaura.com.br\/index.php?rest_route=%2Fwp%2Fv2%2Fproduct_cat&post=343"},{"taxonomy":"product_tag","embeddable":true,"href":"https:\/\/voizaura.com.br\/index.php?rest_route=%2Fwp%2Fv2%2Fproduct_tag&post=343"}],"curies":[{"name":"wp","href":"https:\/\/api.w.org\/{rel}","templated":true}]}}