{"id":341,"date":"2022-10-02T20:02:36","date_gmt":"2022-10-02T23:02:36","guid":{"rendered":"https:\/\/voizaura.com.br\/?post_type=product&#038;p=341"},"modified":"2022-10-24T11:57:46","modified_gmt":"2022-10-24T14:57:46","slug":"linguica-bacon","status":"publish","type":"product","link":"https:\/\/voizaura.com.br\/?product=linguica-bacon","title":{"rendered":"Lingui\u00e7a de fil\u00e9 mignon suino com bacon"},"content":{"rendered":"","protected":false},"excerpt":{"rendered":"<p>Recheada com Bacon defumado em<br \/>\ncubos e temperos naturais, gerando assim<br \/>\num mix de sabores entre as duas<br \/>\nmelhores carnes su\u00ednas presentes<br \/>\natualmente. J\u00e1 pensou Fil\u00e9 mignon e<br \/>\nbacon juntos?<\/p>\n<p>Ingredientes: Carne su\u00edna &#8211; fil\u00e9 mignon, \u00e1gua (17,92%),<br \/>\ncarne su\u00edna &#8211; toucinho, carne su\u00edna &#8211; bacon, tempero (sal<br \/>\nrefinado, alho in natura, cebola in natura, gengibre in<br \/>\nnatura, a\u00e7\u00facar, salsinha in natura, cebolinha in natura e<br \/>\ncoentro).<\/p>\n","protected":false},"featured_media":342,"comment_status":"open","ping_status":"closed","template":"","meta":[],"product_cat":[24],"product_tag":[25],"class_list":{"0":"post-341","1":"product","2":"type-product","3":"status-publish","4":"has-post-thumbnail","6":"product_cat-linguica-suina","7":"product_tag-linguica","9":"first","10":"instock","11":"shipping-taxable","12":"product-type-simple"},"_links":{"self":[{"href":"https:\/\/voizaura.com.br\/index.php?rest_route=\/wp\/v2\/product\/341","targetHints":{"allow":["GET"]}}],"collection":[{"href":"https:\/\/voizaura.com.br\/index.php?rest_route=\/wp\/v2\/product"}],"about":[{"href":"https:\/\/voizaura.com.br\/index.php?rest_route=\/wp\/v2\/types\/product"}],"replies":[{"embeddable":true,"href":"https:\/\/voizaura.com.br\/index.php?rest_route=%2Fwp%2Fv2%2Fcomments&post=341"}],"wp:featuredmedia":[{"embeddable":true,"href":"https:\/\/voizaura.com.br\/index.php?rest_route=\/wp\/v2\/media\/342"}],"wp:attachment":[{"href":"https:\/\/voizaura.com.br\/index.php?rest_route=%2Fwp%2Fv2%2Fmedia&parent=341"}],"wp:term":[{"taxonomy":"product_cat","embeddable":true,"href":"https:\/\/voizaura.com.br\/index.php?rest_route=%2Fwp%2Fv2%2Fproduct_cat&post=341"},{"taxonomy":"product_tag","embeddable":true,"href":"https:\/\/voizaura.com.br\/index.php?rest_route=%2Fwp%2Fv2%2Fproduct_tag&post=341"}],"curies":[{"name":"wp","href":"https:\/\/api.w.org\/{rel}","templated":true}]}}