{"id":339,"date":"2022-10-02T19:55:50","date_gmt":"2022-10-02T22:55:50","guid":{"rendered":"https:\/\/voizaura.com.br\/?post_type=product&#038;p=339"},"modified":"2025-09-21T00:08:40","modified_gmt":"2025-09-21T03:08:40","slug":"alho-poro","status":"publish","type":"product","link":"https:\/\/voizaura.com.br\/?product=alho-poro","title":{"rendered":"Lingui\u00e7a de fil\u00e9 mignon su\u00edno com alho por\u00f3"},"content":{"rendered":"","protected":false},"excerpt":{"rendered":"<p>Lingui\u00e7a de Alho Por\u00f3 produzida 100%<br \/>\ncom Fil\u00e9 Mignon su\u00edno, temperada com<br \/>\nespeciarias naturais e recheada com<br \/>\npeda\u00e7os de alho por\u00f3 para dar sabor e<br \/>\nsucul\u00eancia. \u00d3tima op\u00e7\u00e3o para o seu<br \/>\nchurrasco.<\/p>\n<p>Ingredientes: Carne su\u00edna &#8211; fil\u00e9 mignon, \u00e1gua (18,49%),<br \/>\ncarne su\u00edna &#8211; toucinho, alho poro in natura, tempero (sal<br \/>\nrefinado, alho in natura, cebola in natura, gengibre in<br \/>\nnatura, a\u00e7\u00facar, salsinha in natura, cebolinha in natura e<br \/>\ncoentro).<\/p>\n","protected":false},"featured_media":340,"comment_status":"open","ping_status":"closed","template":"","meta":[],"product_cat":[24],"product_tag":[25],"class_list":{"0":"post-339","1":"product","2":"type-product","3":"status-publish","4":"has-post-thumbnail","6":"product_cat-linguica-suina","7":"product_tag-linguica","9":"first","10":"instock","11":"shipping-taxable","12":"product-type-simple"},"_links":{"self":[{"href":"https:\/\/voizaura.com.br\/index.php?rest_route=\/wp\/v2\/product\/339","targetHints":{"allow":["GET"]}}],"collection":[{"href":"https:\/\/voizaura.com.br\/index.php?rest_route=\/wp\/v2\/product"}],"about":[{"href":"https:\/\/voizaura.com.br\/index.php?rest_route=\/wp\/v2\/types\/product"}],"replies":[{"embeddable":true,"href":"https:\/\/voizaura.com.br\/index.php?rest_route=%2Fwp%2Fv2%2Fcomments&post=339"}],"wp:featuredmedia":[{"embeddable":true,"href":"https:\/\/voizaura.com.br\/index.php?rest_route=\/wp\/v2\/media\/340"}],"wp:attachment":[{"href":"https:\/\/voizaura.com.br\/index.php?rest_route=%2Fwp%2Fv2%2Fmedia&parent=339"}],"wp:term":[{"taxonomy":"product_cat","embeddable":true,"href":"https:\/\/voizaura.com.br\/index.php?rest_route=%2Fwp%2Fv2%2Fproduct_cat&post=339"},{"taxonomy":"product_tag","embeddable":true,"href":"https:\/\/voizaura.com.br\/index.php?rest_route=%2Fwp%2Fv2%2Fproduct_tag&post=339"}],"curies":[{"name":"wp","href":"https:\/\/api.w.org\/{rel}","templated":true}]}}