{"id":256,"date":"2022-09-29T19:40:38","date_gmt":"2022-09-29T22:40:38","guid":{"rendered":"https:\/\/voizaura.com.br\/?post_type=product&#038;p=256"},"modified":"2022-10-24T12:18:57","modified_gmt":"2022-10-24T15:18:57","slug":"eteste","status":"publish","type":"product","link":"https:\/\/voizaura.com.br\/?product=eteste","title":{"rendered":"Lingui\u00e7a de fil\u00e9 mignon su\u00edno"},"content":{"rendered":"","protected":false},"excerpt":{"rendered":"<p>Lingui\u00e7a Artesanal Fresca sem<br \/>\nconservantes e corantes.<br \/>\nSua origem mineira, criada desde 2014<br \/>\ncom o que temos de melhor da carne<br \/>\nsu\u00edna no mercado.<\/p>\n<p>Ingredientes: Carne su\u00edna \u2013 Fil\u00e9 mignon, \u00e1gua (21,25%),<br \/>\ncarne su\u00edna &#8211; toucinho, tempero (sal refinado, alho in<br \/>\nnatura, cebola in natura, gengibre in natura, a\u00e7\u00facar,<br \/>\nsalsinha in natura, cebolinha in natura e coentro).<\/p>\n","protected":false},"featured_media":337,"comment_status":"open","ping_status":"closed","template":"","meta":[],"product_cat":[24],"product_tag":[25],"class_list":{"0":"post-256","1":"product","2":"type-product","3":"status-publish","4":"has-post-thumbnail","6":"product_cat-linguica-suina","7":"product_tag-linguica","9":"first","10":"instock","11":"shipping-taxable","12":"product-type-simple"},"_links":{"self":[{"href":"https:\/\/voizaura.com.br\/index.php?rest_route=\/wp\/v2\/product\/256","targetHints":{"allow":["GET"]}}],"collection":[{"href":"https:\/\/voizaura.com.br\/index.php?rest_route=\/wp\/v2\/product"}],"about":[{"href":"https:\/\/voizaura.com.br\/index.php?rest_route=\/wp\/v2\/types\/product"}],"replies":[{"embeddable":true,"href":"https:\/\/voizaura.com.br\/index.php?rest_route=%2Fwp%2Fv2%2Fcomments&post=256"}],"wp:featuredmedia":[{"embeddable":true,"href":"https:\/\/voizaura.com.br\/index.php?rest_route=\/wp\/v2\/media\/337"}],"wp:attachment":[{"href":"https:\/\/voizaura.com.br\/index.php?rest_route=%2Fwp%2Fv2%2Fmedia&parent=256"}],"wp:term":[{"taxonomy":"product_cat","embeddable":true,"href":"https:\/\/voizaura.com.br\/index.php?rest_route=%2Fwp%2Fv2%2Fproduct_cat&post=256"},{"taxonomy":"product_tag","embeddable":true,"href":"https:\/\/voizaura.com.br\/index.php?rest_route=%2Fwp%2Fv2%2Fproduct_tag&post=256"}],"curies":[{"name":"wp","href":"https:\/\/api.w.org\/{rel}","templated":true}]}}